{"id":17,"date":"2025-02-04T10:07:35","date_gmt":"2025-02-04T10:07:35","guid":{"rendered":"https:\/\/lavanderiahema.rkinformatika.online\/?page_id=17"},"modified":"2025-02-19T15:17:43","modified_gmt":"2025-02-19T15:17:43","slug":"servicios","status":"publish","type":"page","link":"https:\/\/lavanderiahema.es\/eu\/servicios\/","title":{"rendered":"Zerbitzuak"},"content":{"rendered":"<div data-elementor-type=\"wp-page\" data-elementor-id=\"17\" class=\"elementor elementor-17\" data-elementor-post-type=\"page\">\n\t\t\t\t<div class=\"elementor-element elementor-element-eb38a17 e-flex e-con-boxed e-con e-parent\" data-id=\"eb38a17\" data-element_type=\"container\" data-e-type=\"container\" data-settings=\"{&quot;background_background&quot;:&quot;classic&quot;}\">\n\t\t\t\t\t<div class=\"e-con-inner\">\n\t\t\t\t<div class=\"elementor-element elementor-element-b7b5d97 elementor-icon-list--layout-inline elementor-align-center elementor-list-item-link-full_width elementor-widget elementor-widget-icon-list\" data-id=\"b7b5d97\" data-element_type=\"widget\" data-e-type=\"widget\" data-widget_type=\"icon-list.default\">\n\t\t\t\t<div class=\"elementor-widget-container\">\n\t\t\t\t\t\t\t<ul class=\"elementor-icon-list-items elementor-inline-items\">\n\t\t\t\t\t\t\t<li class=\"elementor-icon-list-item elementor-inline-item\">\n\t\t\t\t\t\t\t\t\t\t\t<a href=\"https:\/\/lavanderiahema.es\/eu\">\n\n\t\t\t\t\t\t\t\t\t\t\t<span class=\"elementor-icon-list-text\">Hasiera<\/span>\n\t\t\t\t\t\t\t\t\t\t\t<\/a>\n\t\t\t\t\t\t\t\t\t<\/li>\n\t\t\t\t\t\t\t\t<li class=\"elementor-icon-list-item elementor-inline-item\">\n\t\t\t\t\t\t\t\t\t\t\t<a href=\"https:\/\/lavanderiahema.es\/eu\/contacto\/\">\n\n\t\t\t\t\t\t\t\t\t\t\t\t<span class=\"elementor-icon-list-icon\">\n\t\t\t\t\t\t\t<svg aria-hidden=\"true\" class=\"e-font-icon-svg e-fas-chevron-right\" viewbox=\"0 0 320 512\" xmlns=\"http:\/\/www.w3.org\/2000\/svg\"><path d=\"M285.476 272.971L91.132 467.314c-9.373 9.373-24.569 9.373-33.941 0l-22.667-22.667c-9.357-9.357-9.375-24.522-.04-33.901L188.505 256 34.484 101.255c-9.335-9.379-9.317-24.544.04-33.901l22.667-22.667c9.373-9.373 24.569-9.373 33.941 0L285.475 239.03c9.373 9.372 9.373 24.568.001 33.941z\"><\/path><\/svg>\t\t\t\t\t\t<\/span>\n\t\t\t\t\t\t\t\t\t\t<span class=\"elementor-icon-list-text\">Kontaktua<\/span>\n\t\t\t\t\t\t\t\t\t\t\t<\/a>\n\t\t\t\t\t\t\t\t\t<\/li>\n\t\t\t\t\t\t<\/ul>\n\t\t\t\t\t\t<\/div>\n\t\t\t\t<\/div>\n\t\t\t\t\t<\/div>\n\t\t\t\t<\/div>\n\t\t\t\t<section class=\"elementor-section elementor-top-section elementor-element elementor-element-40f1f145 elementor-section-boxed elementor-section-height-default elementor-section-height-default\" data-id=\"40f1f145\" data-element_type=\"section\" data-e-type=\"section\">\n\t\t\t\t\t\t<div class=\"elementor-container elementor-column-gap-default\">\n\t\t\t\t\t<div class=\"elementor-column elementor-col-100 elementor-top-column elementor-element elementor-element-4a9d812a\" data-id=\"4a9d812a\" data-element_type=\"column\" data-e-type=\"column\">\n\t\t\t<div class=\"elementor-widget-wrap elementor-element-populated\">\n\t\t\t\t\t\t<div class=\"elementor-element elementor-element-b48ef3e elementor-widget-divider--view-line_text elementor-widget-divider--separator-type-pattern elementor-widget-divider--no-spacing elementor-widget-divider--element-align-center elementor-widget elementor-widget-divider\" data-id=\"b48ef3e\" data-element_type=\"widget\" data-e-type=\"widget\" data-widget_type=\"divider.default\">\n\t\t\t\t<div class=\"elementor-widget-container\">\n\t\t\t\t\t\t\t<div class=\"elementor-divider\" style=\"--divider-pattern-url: url(&quot;data:image\/svg+xml,%3Csvg xmlns=&#039;http:\/\/www.w3.org\/2000\/svg&#039; preserveAspectRatio=&#039;xMidYMid meet&#039; overflow=&#039;visible&#039; height=&#039;100%&#039; viewBox=&#039;0 0 126 26&#039; fill=&#039;black&#039; stroke=&#039;none&#039;%3E%3Cpath d=&#039;M3,10.2c2.6,0,2.6,2,2.6,3.2S4.4,16.5,3,16.5s-3-1.4-3-3.2S0.4,10.2,3,10.2z M18.8,10.2c1.7,0,3.2,1.4,3.2,3.2s-1.4,3.2-3.2,3.2c-1.7,0-3.2-1.4-3.2-3.2S17,10.2,18.8,10.2z M34.6,10.2c1.5,0,2.6,1.4,2.6,3.2s-0.5,3.2-1.9,3.2c-1.5,0-3.4-1.4-3.4-3.2S33.1,10.2,34.6,10.2z M50.5,10.2c1.7,0,3.2,1.4,3.2,3.2s-1.4,3.2-3.2,3.2c-1.7,0-3.3-0.9-3.3-2.6S48.7,10.2,50.5,10.2z M66.2,10.2c1.5,0,3.4,1.4,3.4,3.2s-1.9,3.2-3.4,3.2c-1.5,0-2.6-0.4-2.6-2.1S64.8,10.2,66.2,10.2z M82.2,10.2c1.7,0.8,2.6,1.4,2.6,3.2s-0.1,3.2-1.6,3.2c-1.5,0-3.7-1.4-3.7-3.2S80.5,9.4,82.2,10.2zM98.6,10.2c1.5,0,2.6,0.4,2.6,2.1s-1.2,4.2-2.6,4.2c-1.5,0-3.7-0.4-3.7-2.1S97.1,10.2,98.6,10.2z M113.4,10.2c1.2,0,2.2,0.9,2.2,3.2s-0.1,3.2-1.3,3.2s-3.1-1.4-3.1-3.2S112.2,10.2,113.4,10.2z&#039;\/%3E%3C\/svg%3E&quot;);\">\n\t\t\t<span class=\"elementor-divider-separator\">\n\t\t\t\t\t\t\t<span class=\"elementor-divider__text elementor-divider__element\">\n\t\t\t\tNuestro Servicios\t\t\t\t<\/span>\n\t\t\t\t\t\t<\/span>\n\t\t<\/div>\n\t\t\t\t\t\t<\/div>\n\t\t\t\t<\/div>\n\t\t\t\t<div class=\"elementor-element elementor-element-1d382a00 elementor-widget elementor-widget-heading\" data-id=\"1d382a00\" data-element_type=\"widget\" data-e-type=\"widget\" data-widget_type=\"heading.default\">\n\t\t\t\t<div class=\"elementor-widget-container\">\n\t\t\t\t\t<h3 class=\"elementor-heading-title elementor-size-default\">Qu\u00e9 podemos ofrecer<\/h3>\t\t\t\t<\/div>\n\t\t\t\t<\/div>\n\t\t\t\t<div class=\"elementor-element elementor-element-3168c87c elementor-widget elementor-widget-spacer\" data-id=\"3168c87c\" data-element_type=\"widget\" data-e-type=\"widget\" data-widget_type=\"spacer.default\">\n\t\t\t\t<div class=\"elementor-widget-container\">\n\t\t\t\t\t\t\t<div class=\"elementor-spacer\">\n\t\t\t<div class=\"elementor-spacer-inner\"><\/div>\n\t\t<\/div>\n\t\t\t\t\t\t<\/div>\n\t\t\t\t<\/div>\n\t\t\t\t<section class=\"elementor-section elementor-inner-section elementor-element elementor-element-1f3501ae elementor-section-boxed elementor-section-height-default elementor-section-height-default\" data-id=\"1f3501ae\" data-element_type=\"section\" data-e-type=\"section\">\n\t\t\t\t\t\t<div class=\"elementor-container elementor-column-gap-default\">\n\t\t\t\t\t<div class=\"elementor-column elementor-col-50 elementor-inner-column elementor-element elementor-element-5b565450\" data-id=\"5b565450\" data-element_type=\"column\" data-e-type=\"column\" data-settings=\"{&quot;background_background&quot;:&quot;classic&quot;}\">\n\t\t\t<div class=\"elementor-widget-wrap elementor-element-populated\">\n\t\t\t\t\t\t<div class=\"elementor-element elementor-element-4e264504 elementor-widget elementor-widget-image\" data-id=\"4e264504\" data-element_type=\"widget\" data-e-type=\"widget\" data-widget_type=\"image.default\">\n\t\t\t\t<div class=\"elementor-widget-container\">\n\t\t\t\t\t\t\t\t\t\t\t\t\t\t\t<img decoding=\"async\" src=\"https:\/\/lavanderiahema.es\/wp-content\/uploads\/elementor\/thumbs\/girl-erases-in-washing-machine-r1p1406312kofcpmwimqxe4tpq6yrbunuv8425ymxs.jpg\" title=\"Girl erases in washing machine\" alt=\"Girl erases in washing machine\" class=\"elementor-animation-grow\" loading=\"lazy\" \/>\t\t\t\t\t\t\t\t\t\t\t\t\t\t\t<\/div>\n\t\t\t\t<\/div>\n\t\t\t\t<div class=\"elementor-element elementor-element-2d714793 elementor-widget elementor-widget-heading\" data-id=\"2d714793\" data-element_type=\"widget\" data-e-type=\"widget\" data-widget_type=\"heading.default\">\n\t\t\t\t<div class=\"elementor-widget-container\">\n\t\t\t\t\t<h5 class=\"elementor-heading-title elementor-size-default\">Lavado de ropa laboral<\/h5>\t\t\t\t<\/div>\n\t\t\t\t<\/div>\n\t\t\t\t\t<\/div>\n\t\t<\/div>\n\t\t\t\t<div class=\"elementor-column elementor-col-50 elementor-inner-column elementor-element elementor-element-1b226f19\" data-id=\"1b226f19\" data-element_type=\"column\" data-e-type=\"column\" data-settings=\"{&quot;background_background&quot;:&quot;classic&quot;}\">\n\t\t\t<div class=\"elementor-widget-wrap elementor-element-populated\">\n\t\t\t\t\t\t<div class=\"elementor-element elementor-element-66dcdbbb elementor-widget elementor-widget-image\" data-id=\"66dcdbbb\" data-element_type=\"widget\" data-e-type=\"widget\" data-widget_type=\"image.default\">\n\t\t\t\t<div class=\"elementor-widget-container\">\n\t\t\t\t\t\t\t\t\t\t\t\t\t\t\t<img decoding=\"async\" src=\"https:\/\/lavanderiahema.es\/wp-content\/uploads\/elementor\/thumbs\/female-hand-holding-a-stack-of-clothes-help-and-volunteering-concept-r1p1csxp08mb3xxiitk0ro75wktntbs7ef2qsewyow.jpg\" title=\"Female hand holding a stack of clothes, help and volunteering concept\" alt=\"Female hand holding a stack of clothes, help and volunteering concept\" class=\"elementor-animation-grow\" loading=\"lazy\" \/>\t\t\t\t\t\t\t\t\t\t\t\t\t\t\t<\/div>\n\t\t\t\t<\/div>\n\t\t\t\t<div class=\"elementor-element elementor-element-557eaba5 elementor-widget elementor-widget-heading\" data-id=\"557eaba5\" data-element_type=\"widget\" data-e-type=\"widget\" data-widget_type=\"heading.default\">\n\t\t\t\t<div class=\"elementor-widget-container\">\n\t\t\t\t\t<h5 class=\"elementor-heading-title elementor-size-default\">recogida y entrega <\/h5>\t\t\t\t<\/div>\n\t\t\t\t<\/div>\n\t\t\t\t\t<\/div>\n\t\t<\/div>\n\t\t\t\t\t<\/div>\n\t\t<\/section>\n\t\t\t\t<section class=\"elementor-section elementor-inner-section elementor-element elementor-element-1f51c4fd elementor-section-boxed elementor-section-height-default elementor-section-height-default\" data-id=\"1f51c4fd\" data-element_type=\"section\" data-e-type=\"section\">\n\t\t\t\t\t\t<div class=\"elementor-container elementor-column-gap-default\">\n\t\t\t\t\t<div class=\"elementor-column elementor-col-50 elementor-inner-column elementor-element elementor-element-7e5ce5c\" data-id=\"7e5ce5c\" data-element_type=\"column\" data-e-type=\"column\" data-settings=\"{&quot;background_background&quot;:&quot;classic&quot;}\">\n\t\t\t<div class=\"elementor-widget-wrap elementor-element-populated\">\n\t\t\t\t\t\t<div class=\"elementor-element elementor-element-3c4c0858 elementor-widget elementor-widget-image\" data-id=\"3c4c0858\" data-element_type=\"widget\" data-e-type=\"widget\" data-widget_type=\"image.default\">\n\t\t\t\t<div class=\"elementor-widget-container\">\n\t\t\t\t\t\t\t\t\t\t\t\t\t\t\t<img decoding=\"async\" src=\"https:\/\/lavanderiahema.es\/wp-content\/uploads\/elementor\/thumbs\/compressed_young-child-making-diy-project-from-upcycled-materials-scaled-r1p1kskb3jk1smbpv9vuynm7ohfz8pi2hypbn32hsw.jpg\" title=\"compressed_young-child-making-diy-project-from-upcycled-materials\" alt=\"compressed_young-child-making-diy-project-from-upcycled-materials\" class=\"elementor-animation-grow\" loading=\"lazy\" \/>\t\t\t\t\t\t\t\t\t\t\t\t\t\t\t<\/div>\n\t\t\t\t<\/div>\n\t\t\t\t<div class=\"elementor-element elementor-element-51d9cd20 elementor-widget elementor-widget-heading\" data-id=\"51d9cd20\" data-element_type=\"widget\" data-e-type=\"widget\" data-widget_type=\"heading.default\">\n\t\t\t\t<div class=\"elementor-widget-container\">\n\t\t\t\t\t<h5 class=\"elementor-heading-title elementor-size-default\">Ofertas personalizadas<\/h5>\t\t\t\t<\/div>\n\t\t\t\t<\/div>\n\t\t\t\t\t<\/div>\n\t\t<\/div>\n\t\t\t\t<div class=\"elementor-column elementor-col-50 elementor-inner-column elementor-element elementor-element-7891c327\" data-id=\"7891c327\" data-element_type=\"column\" data-e-type=\"column\" data-settings=\"{&quot;background_background&quot;:&quot;classic&quot;}\">\n\t\t\t<div class=\"elementor-widget-wrap elementor-element-populated\">\n\t\t\t\t\t\t<div class=\"elementor-element elementor-element-4b2dec00 elementor-widget elementor-widget-image\" data-id=\"4b2dec00\" data-element_type=\"widget\" data-e-type=\"widget\" data-widget_type=\"image.default\">\n\t\t\t\t<div class=\"elementor-widget-container\">\n\t\t\t\t\t\t\t\t\t\t\t\t\t\t\t<img decoding=\"async\" src=\"https:\/\/lavanderiahema.es\/wp-content\/uploads\/elementor\/thumbs\/DSCN6074-lavanderia-hema-scaled-r1qp65f9ose0gm2ohm7owa69a791j0f64hv9sm4k9s.jpg\" title=\"DSCN6074 &#8211; lavanderia hema\" alt=\"DSCN6074 - lavanderia hema\" class=\"elementor-animation-grow\" loading=\"lazy\" \/>\t\t\t\t\t\t\t\t\t\t\t\t\t\t\t<\/div>\n\t\t\t\t<\/div>\n\t\t\t\t<div class=\"elementor-element elementor-element-7deac04c elementor-widget elementor-widget-heading\" data-id=\"7deac04c\" data-element_type=\"widget\" data-e-type=\"widget\" data-widget_type=\"heading.default\">\n\t\t\t\t<div class=\"elementor-widget-container\">\n\t\t\t\t\t<h5 class=\"elementor-heading-title elementor-size-default\">Alquiler y venta de ropa laboral<\/h5>\t\t\t\t<\/div>\n\t\t\t\t<\/div>\n\t\t\t\t\t<\/div>\n\t\t<\/div>\n\t\t\t\t\t<\/div>\n\t\t<\/section>\n\t\t\t\t\t<\/div>\n\t\t<\/div>\n\t\t\t\t\t<\/div>\n\t\t<\/section>\n\t\t\t\t<section class=\"elementor-section elementor-top-section elementor-element elementor-element-35d6be4d elementor-section-boxed elementor-section-height-default elementor-section-height-default\" data-id=\"35d6be4d\" data-element_type=\"section\" data-e-type=\"section\" data-settings=\"{&quot;background_background&quot;:&quot;classic&quot;}\">\n\t\t\t\t\t\t\t<div class=\"elementor-background-overlay\"><\/div>\n\t\t\t\t\t\t\t<div class=\"elementor-container elementor-column-gap-default\">\n\t\t\t\t\t<div class=\"elementor-column elementor-col-66 elementor-top-column elementor-element elementor-element-1a3aa072\" data-id=\"1a3aa072\" data-element_type=\"column\" data-e-type=\"column\">\n\t\t\t<div class=\"elementor-widget-wrap elementor-element-populated\">\n\t\t\t\t\t\t<div class=\"elementor-element elementor-element-63d91936 elementor-widget-tablet__width-initial elementor-widget elementor-widget-heading\" data-id=\"63d91936\" data-element_type=\"widget\" data-e-type=\"widget\" data-widget_type=\"heading.default\">\n\t\t\t\t<div class=\"elementor-widget-container\">\n\t\t\t\t\t<h3 class=\"elementor-heading-title elementor-size-default\">\u00bfEst\u00e1s buscando una lavadora confiable para mantener tu ropa fresca y limpia?<\/h3>\t\t\t\t<\/div>\n\t\t\t\t<\/div>\n\t\t\t\t<div class=\"elementor-element elementor-element-3ec5570 elementor-widget-tablet__width-initial elementor-widget elementor-widget-heading\" data-id=\"3ec5570\" data-element_type=\"widget\" data-e-type=\"widget\" data-widget_type=\"heading.default\">\n\t\t\t\t<div class=\"elementor-widget-container\">\n\t\t\t\t\t<h3 class=\"elementor-heading-title elementor-size-default\">Cont\u00e1ctanos, Estamos aqu\u00ed para ayudarte.<\/h3>\t\t\t\t<\/div>\n\t\t\t\t<\/div>\n\t\t\t\t\t<\/div>\n\t\t<\/div>\n\t\t\t\t<div class=\"elementor-column elementor-col-33 elementor-top-column elementor-element elementor-element-6b1ea221\" data-id=\"6b1ea221\" data-element_type=\"column\" data-e-type=\"column\">\n\t\t\t<div class=\"elementor-widget-wrap elementor-element-populated\">\n\t\t\t\t\t\t<div class=\"elementor-element elementor-element-31738b29 elementor-align-right elementor-tablet-align-center elementor-widget elementor-widget-button\" data-id=\"31738b29\" data-element_type=\"widget\" data-e-type=\"widget\" data-widget_type=\"button.default\">\n\t\t\t\t<div class=\"elementor-widget-container\">\n\t\t\t\t\t\t\t\t\t<div class=\"elementor-button-wrapper\">\n\t\t\t\t\t<a class=\"elementor-button elementor-button-link elementor-size-md elementor-animation-pop\" href=\"https:\/\/lavanderiahema.es\/eu\/contacto\/\">\n\t\t\t\t\t\t<span class=\"elementor-button-content-wrapper\">\n\t\t\t\t\t\t<span class=\"elementor-button-icon\">\n\t\t\t\t<svg aria-hidden=\"true\" class=\"e-font-icon-svg e-fas-long-arrow-alt-right\" viewbox=\"0 0 448 512\" xmlns=\"http:\/\/www.w3.org\/2000\/svg\"><path d=\"M313.941 216H12c-6.627 0-12 5.373-12 12v56c0 6.627 5.373 12 12 12h301.941v46.059c0 21.382 25.851 32.09 40.971 16.971l86.059-86.059c9.373-9.373 9.373-24.569 0-33.941l-86.059-86.059c-15.119-15.119-40.971-4.411-40.971 16.971V216z\"><\/path><\/svg>\t\t\t<\/span>\n\t\t\t\t\t\t\t\t\t<span class=\"elementor-button-text\">Jarri gurekin harremanetan<\/span>\n\t\t\t\t\t<\/span>\n\t\t\t\t\t<\/a>\n\t\t\t\t<\/div>\n\t\t\t\t\t\t\t\t<\/div>\n\t\t\t\t<\/div>\n\t\t\t\t\t<\/div>\n\t\t<\/div>\n\t\t\t\t\t<\/div>\n\t\t<\/section>\n\t\t\t\t<\/div>","protected":false},"excerpt":{"rendered":"<p>Inicio Contacto Nuestro Servicios Qu\u00e9 podemos ofrecer Lavado de ropa laboral recogida y entrega Ofertas personalizadas Alquiler y venta de ropa laboral \u00bfEst\u00e1s buscando una lavadora confiable para mantener tu ropa fresca y limpia? Cont\u00e1ctanos, Estamos aqu\u00ed para ayudarte. Cont\u00e1ctanos<\/p>","protected":false},"author":1,"featured_media":0,"parent":0,"menu_order":0,"comment_status":"closed","ping_status":"closed","template":"elementor_canvas","meta":{"footnotes":""},"class_list":["post-17","page","type-page","status-publish","hentry"],"yoast_head":"<!-- This site is optimized with the Yoast SEO plugin v27.3 - https:\/\/yoast.com\/product\/yoast-seo-wordpress\/ -->\n<title>Servicios - LAVANDRIA HEMA<\/title>\n<meta name=\"robots\" content=\"index, follow, max-snippet:-1, max-image-preview:large, max-video-preview:-1\" \/>\n<link rel=\"canonical\" href=\"https:\/\/lavanderiahema.es\/eu\/servicios\/\" \/>\n<meta property=\"og:locale\" content=\"en_US\" \/>\n<meta property=\"og:type\" content=\"article\" \/>\n<meta property=\"og:title\" content=\"Servicios - LAVANDRIA HEMA\" \/>\n<meta property=\"og:description\" content=\"Inicio Contacto Nuestro Servicios Qu\u00e9 podemos ofrecer Lavado de ropa laboral recogida y entrega Ofertas personalizadas Alquiler y venta de ropa laboral \u00bfEst\u00e1s buscando una lavadora confiable para mantener tu ropa fresca y limpia? Cont\u00e1ctanos, Estamos aqu\u00ed para ayudarte. Cont\u00e1ctanos\" \/>\n<meta property=\"og:url\" content=\"https:\/\/lavanderiahema.es\/eu\/servicios\/\" \/>\n<meta property=\"og:site_name\" content=\"LAVANDRIA HEMA\" \/>\n<meta property=\"article:modified_time\" content=\"2025-02-19T15:17:43+00:00\" \/>\n<meta property=\"og:image\" content=\"https:\/\/lavanderiahema.es\/wp-content\/uploads\/elementor\/thumbs\/girl-erases-in-washing-machine-r1p1406312kofcpmwimqxe4tpq6yrbunuv8425ymxs.jpg\" \/>\n<meta name=\"twitter:card\" content=\"summary_large_image\" \/>\n<meta name=\"twitter:label1\" content=\"Est. reading time\" \/>\n\t<meta name=\"twitter:data1\" content=\"1 minutua\" \/>\n<script type=\"application\/ld+json\" class=\"yoast-schema-graph\">{\"@context\":\"https:\\\/\\\/schema.org\",\"@graph\":[{\"@type\":\"WebPage\",\"@id\":\"https:\\\/\\\/lavanderiahema.es\\\/servicios\\\/\",\"url\":\"https:\\\/\\\/lavanderiahema.es\\\/servicios\\\/\",\"name\":\"Servicios - LAVANDRIA HEMA\",\"isPartOf\":{\"@id\":\"https:\\\/\\\/lavanderiahema.es\\\/#website\"},\"primaryImageOfPage\":{\"@id\":\"https:\\\/\\\/lavanderiahema.es\\\/servicios\\\/#primaryimage\"},\"image\":{\"@id\":\"https:\\\/\\\/lavanderiahema.es\\\/servicios\\\/#primaryimage\"},\"thumbnailUrl\":\"https:\\\/\\\/lavanderiahema.es\\\/wp-content\\\/uploads\\\/elementor\\\/thumbs\\\/girl-erases-in-washing-machine-r1p1406312kofcpmwimqxe4tpq6yrbunuv8425ymxs.jpg\",\"datePublished\":\"2025-02-04T10:07:35+00:00\",\"dateModified\":\"2025-02-19T15:17:43+00:00\",\"breadcrumb\":{\"@id\":\"https:\\\/\\\/lavanderiahema.es\\\/servicios\\\/#breadcrumb\"},\"inLanguage\":\"eu\",\"potentialAction\":[{\"@type\":\"ReadAction\",\"target\":[\"https:\\\/\\\/lavanderiahema.es\\\/servicios\\\/\"]}]},{\"@type\":\"ImageObject\",\"inLanguage\":\"eu\",\"@id\":\"https:\\\/\\\/lavanderiahema.es\\\/servicios\\\/#primaryimage\",\"url\":\"https:\\\/\\\/lavanderiahema.es\\\/wp-content\\\/uploads\\\/elementor\\\/thumbs\\\/girl-erases-in-washing-machine-r1p1406312kofcpmwimqxe4tpq6yrbunuv8425ymxs.jpg\",\"contentUrl\":\"https:\\\/\\\/lavanderiahema.es\\\/wp-content\\\/uploads\\\/elementor\\\/thumbs\\\/girl-erases-in-washing-machine-r1p1406312kofcpmwimqxe4tpq6yrbunuv8425ymxs.jpg\"},{\"@type\":\"BreadcrumbList\",\"@id\":\"https:\\\/\\\/lavanderiahema.es\\\/servicios\\\/#breadcrumb\",\"itemListElement\":[{\"@type\":\"ListItem\",\"position\":1,\"name\":\"Portada\",\"item\":\"https:\\\/\\\/lavanderiahema.es\\\/\"},{\"@type\":\"ListItem\",\"position\":2,\"name\":\"Servicios\"}]},{\"@type\":\"WebSite\",\"@id\":\"https:\\\/\\\/lavanderiahema.es\\\/#website\",\"url\":\"https:\\\/\\\/lavanderiahema.es\\\/\",\"name\":\"LAVANDRIA HEMA\",\"description\":\"\",\"publisher\":{\"@id\":\"https:\\\/\\\/lavanderiahema.es\\\/#organization\"},\"potentialAction\":[{\"@type\":\"SearchAction\",\"target\":{\"@type\":\"EntryPoint\",\"urlTemplate\":\"https:\\\/\\\/lavanderiahema.es\\\/?s={search_term_string}\"},\"query-input\":{\"@type\":\"PropertyValueSpecification\",\"valueRequired\":true,\"valueName\":\"search_term_string\"}}],\"inLanguage\":\"eu\"},{\"@type\":\"Organization\",\"@id\":\"https:\\\/\\\/lavanderiahema.es\\\/#organization\",\"name\":\"LAVANDRIA HEMA\",\"url\":\"https:\\\/\\\/lavanderiahema.es\\\/\",\"logo\":{\"@type\":\"ImageObject\",\"inLanguage\":\"eu\",\"@id\":\"https:\\\/\\\/lavanderiahema.es\\\/#\\\/schema\\\/logo\\\/image\\\/\",\"url\":\"https:\\\/\\\/lavanderiahema.es\\\/wp-content\\\/uploads\\\/2025\\\/02\\\/cropped-LH_LOGO_lavanderia_hema_-_lavanderia_hema-removebg-preview.png\",\"contentUrl\":\"https:\\\/\\\/lavanderiahema.es\\\/wp-content\\\/uploads\\\/2025\\\/02\\\/cropped-LH_LOGO_lavanderia_hema_-_lavanderia_hema-removebg-preview.png\",\"width\":500,\"height\":443,\"caption\":\"LAVANDRIA HEMA\"},\"image\":{\"@id\":\"https:\\\/\\\/lavanderiahema.es\\\/#\\\/schema\\\/logo\\\/image\\\/\"}}]}<\/script>\n<!-- \/ Yoast SEO plugin. -->","yoast_head_json":{"title":"Servicios - LAVANDRIA HEMA","robots":{"index":"index","follow":"follow","max-snippet":"max-snippet:-1","max-image-preview":"max-image-preview:large","max-video-preview":"max-video-preview:-1"},"canonical":"https:\/\/lavanderiahema.es\/eu\/servicios\/","og_locale":"en_US","og_type":"article","og_title":"Servicios - LAVANDRIA HEMA","og_description":"Inicio Contacto Nuestro Servicios Qu\u00e9 podemos ofrecer Lavado de ropa laboral recogida y entrega Ofertas personalizadas Alquiler y venta de ropa laboral \u00bfEst\u00e1s buscando una lavadora confiable para mantener tu ropa fresca y limpia? Cont\u00e1ctanos, Estamos aqu\u00ed para ayudarte. Cont\u00e1ctanos","og_url":"https:\/\/lavanderiahema.es\/eu\/servicios\/","og_site_name":"LAVANDRIA HEMA","article_modified_time":"2025-02-19T15:17:43+00:00","og_image":[{"url":"https:\/\/lavanderiahema.es\/wp-content\/uploads\/elementor\/thumbs\/girl-erases-in-washing-machine-r1p1406312kofcpmwimqxe4tpq6yrbunuv8425ymxs.jpg","type":"","width":"","height":""}],"twitter_card":"summary_large_image","twitter_misc":{"Est. reading time":"1 minutua"},"schema":{"@context":"https:\/\/schema.org","@graph":[{"@type":"WebPage","@id":"https:\/\/lavanderiahema.es\/servicios\/","url":"https:\/\/lavanderiahema.es\/servicios\/","name":"Servicios - LAVANDRIA HEMA","isPartOf":{"@id":"https:\/\/lavanderiahema.es\/#website"},"primaryImageOfPage":{"@id":"https:\/\/lavanderiahema.es\/servicios\/#primaryimage"},"image":{"@id":"https:\/\/lavanderiahema.es\/servicios\/#primaryimage"},"thumbnailUrl":"https:\/\/lavanderiahema.es\/wp-content\/uploads\/elementor\/thumbs\/girl-erases-in-washing-machine-r1p1406312kofcpmwimqxe4tpq6yrbunuv8425ymxs.jpg","datePublished":"2025-02-04T10:07:35+00:00","dateModified":"2025-02-19T15:17:43+00:00","breadcrumb":{"@id":"https:\/\/lavanderiahema.es\/servicios\/#breadcrumb"},"inLanguage":"eu","potentialAction":[{"@type":"ReadAction","target":["https:\/\/lavanderiahema.es\/servicios\/"]}]},{"@type":"ImageObject","inLanguage":"eu","@id":"https:\/\/lavanderiahema.es\/servicios\/#primaryimage","url":"https:\/\/lavanderiahema.es\/wp-content\/uploads\/elementor\/thumbs\/girl-erases-in-washing-machine-r1p1406312kofcpmwimqxe4tpq6yrbunuv8425ymxs.jpg","contentUrl":"https:\/\/lavanderiahema.es\/wp-content\/uploads\/elementor\/thumbs\/girl-erases-in-washing-machine-r1p1406312kofcpmwimqxe4tpq6yrbunuv8425ymxs.jpg"},{"@type":"BreadcrumbList","@id":"https:\/\/lavanderiahema.es\/servicios\/#breadcrumb","itemListElement":[{"@type":"ListItem","position":1,"name":"Portada","item":"https:\/\/lavanderiahema.es\/"},{"@type":"ListItem","position":2,"name":"Servicios"}]},{"@type":"WebSite","@id":"https:\/\/lavanderiahema.es\/#website","url":"https:\/\/lavanderiahema.es\/","name":"LAVANDRIA HEMA","description":"","publisher":{"@id":"https:\/\/lavanderiahema.es\/#organization"},"potentialAction":[{"@type":"SearchAction","target":{"@type":"EntryPoint","urlTemplate":"https:\/\/lavanderiahema.es\/?s={search_term_string}"},"query-input":{"@type":"PropertyValueSpecification","valueRequired":true,"valueName":"search_term_string"}}],"inLanguage":"eu"},{"@type":"Organization","@id":"https:\/\/lavanderiahema.es\/#organization","name":"LAVANDRIA HEMA","url":"https:\/\/lavanderiahema.es\/","logo":{"@type":"ImageObject","inLanguage":"eu","@id":"https:\/\/lavanderiahema.es\/#\/schema\/logo\/image\/","url":"https:\/\/lavanderiahema.es\/wp-content\/uploads\/2025\/02\/cropped-LH_LOGO_lavanderia_hema_-_lavanderia_hema-removebg-preview.png","contentUrl":"https:\/\/lavanderiahema.es\/wp-content\/uploads\/2025\/02\/cropped-LH_LOGO_lavanderia_hema_-_lavanderia_hema-removebg-preview.png","width":500,"height":443,"caption":"LAVANDRIA HEMA"},"image":{"@id":"https:\/\/lavanderiahema.es\/#\/schema\/logo\/image\/"}}]}},"_links":{"self":[{"href":"https:\/\/lavanderiahema.es\/eu\/wp-json\/wp\/v2\/pages\/17","targetHints":{"allow":["GET"]}}],"collection":[{"href":"https:\/\/lavanderiahema.es\/eu\/wp-json\/wp\/v2\/pages"}],"about":[{"href":"https:\/\/lavanderiahema.es\/eu\/wp-json\/wp\/v2\/types\/page"}],"author":[{"embeddable":true,"href":"https:\/\/lavanderiahema.es\/eu\/wp-json\/wp\/v2\/users\/1"}],"replies":[{"embeddable":true,"href":"https:\/\/lavanderiahema.es\/eu\/wp-json\/wp\/v2\/comments?post=17"}],"version-history":[{"count":220,"href":"https:\/\/lavanderiahema.es\/eu\/wp-json\/wp\/v2\/pages\/17\/revisions"}],"predecessor-version":[{"id":930,"href":"https:\/\/lavanderiahema.es\/eu\/wp-json\/wp\/v2\/pages\/17\/revisions\/930"}],"wp:attachment":[{"href":"https:\/\/lavanderiahema.es\/eu\/wp-json\/wp\/v2\/media?parent=17"}],"curies":[{"name":"wp","href":"https:\/\/api.w.org\/{rel}","templated":true}]}}